{"id":365,"date":"2024-04-30T11:43:29","date_gmt":"2024-04-30T11:43:29","guid":{"rendered":"https:\/\/visit.fincasolmark.com\/reserva\/besok-finca-solmark\/"},"modified":"2024-12-04T09:40:00","modified_gmt":"2024-12-04T09:40:00","slug":"besok-finca-solmark","status":"publish","type":"product","link":"https:\/\/visit.fincasolmark.com\/sv\/Bokning\/besok-finca-solmark\/","title":{"rendered":"Bes\u00f6k Finca Solmark"},"content":{"rendered":"<p>Texto para descripci\u00f3n del producto<\/p>\n","protected":false},"excerpt":{"rendered":"<p>Bokning och betalning f\u00f6r bes\u00f6k p\u00e5 Finca Solmark i Carratraca, Spanien<\/p>\n","protected":false},"featured_media":237,"comment_status":"open","ping_status":"closed","template":"","meta":{"_et_pb_use_builder":"","_et_pb_old_content":"","_et_gb_content_width":""},"product_brand":[],"product_cat":[53],"product_tag":[],"class_list":{"0":"post-365","1":"product","2":"type-product","3":"status-publish","4":"has-post-thumbnail","6":"product_cat-boka","7":"yith_booking_service-recomendar-alojamiento","8":"yith_booking_service-recomendar-restaurante-cercano","9":"yith_booking_service-silla-de-rueda","10":"yith_booking_service-visita-con-perro-s","11":"yith_booking_service-tienes-alguna-alergia","13":"first","14":"instock","15":"virtual","16":"sold-individually","17":"taxable","18":"purchasable","19":"product-type-booking"},"_links":{"self":[{"href":"https:\/\/visit.fincasolmark.com\/sv\/wp-json\/wp\/v2\/product\/365","targetHints":{"allow":["GET"]}}],"collection":[{"href":"https:\/\/visit.fincasolmark.com\/sv\/wp-json\/wp\/v2\/product"}],"about":[{"href":"https:\/\/visit.fincasolmark.com\/sv\/wp-json\/wp\/v2\/types\/product"}],"replies":[{"embeddable":true,"href":"https:\/\/visit.fincasolmark.com\/sv\/wp-json\/wp\/v2\/comments?post=365"}],"wp:featuredmedia":[{"embeddable":true,"href":"https:\/\/visit.fincasolmark.com\/sv\/wp-json\/wp\/v2\/media\/237"}],"wp:attachment":[{"href":"https:\/\/visit.fincasolmark.com\/sv\/wp-json\/wp\/v2\/media?parent=365"}],"wp:term":[{"taxonomy":"product_brand","embeddable":true,"href":"https:\/\/visit.fincasolmark.com\/sv\/wp-json\/wp\/v2\/product_brand?post=365"},{"taxonomy":"product_cat","embeddable":true,"href":"https:\/\/visit.fincasolmark.com\/sv\/wp-json\/wp\/v2\/product_cat?post=365"},{"taxonomy":"product_tag","embeddable":true,"href":"https:\/\/visit.fincasolmark.com\/sv\/wp-json\/wp\/v2\/product_tag?post=365"}],"curies":[{"name":"wp","href":"https:\/\/api.w.org\/{rel}","templated":true}]}}