{"id":258438,"date":"2024-12-03T19:30:06","date_gmt":"2024-12-03T19:30:06","guid":{"rendered":"https:\/\/visit.fincasolmark.com\/reserva\/husbilsparkering\/"},"modified":"2024-12-04T10:24:25","modified_gmt":"2024-12-04T10:24:25","slug":"husbilsparkering","status":"publish","type":"product","link":"https:\/\/visit.fincasolmark.com\/sv\/Bokning\/husbilsparkering\/","title":{"rendered":"Husbilsparkering"},"content":{"rendered":"<p>Kommer du med husbil s\u00e5 kan du numera st\u00e5 p\u00e5 v\u00e5r \u201dTriangelparkering\u201d, som \u00e4r vid f\u00f6rsta grinden till h\u00f6ger. H\u00e4r st\u00e5r du s\u00e4kert, med bra inh\u00e4ngnad och kamera\u00f6vervakning, och givetvis i ett v\u00e4ldigt natursk\u00f6nt omr\u00e5de, bara en kvart fr\u00e5n Caminito del Rey, eller en halvtimme fr\u00e5n Ronda, Antequera eller en knapp timme till kusten.<\/p>\n","protected":false},"excerpt":{"rendered":"<p>Bokning och betalning av husbilsparkering vid Finca Solmark i Carratraca, Spanien<\/p>\n","protected":false},"featured_media":258418,"comment_status":"open","ping_status":"closed","template":"","meta":{"_et_pb_use_builder":"","_et_pb_old_content":"","_et_gb_content_width":""},"product_brand":[],"product_cat":[59],"product_tag":[],"class_list":{"0":"post-258438","1":"product","2":"type-product","3":"status-publish","4":"has-post-thumbnail","6":"product_cat-husbilsparkering","8":"first","9":"outofstock","10":"virtual","11":"sold-individually","12":"taxable","13":"purchasable","14":"product-type-booking"},"_links":{"self":[{"href":"https:\/\/visit.fincasolmark.com\/sv\/wp-json\/wp\/v2\/product\/258438","targetHints":{"allow":["GET"]}}],"collection":[{"href":"https:\/\/visit.fincasolmark.com\/sv\/wp-json\/wp\/v2\/product"}],"about":[{"href":"https:\/\/visit.fincasolmark.com\/sv\/wp-json\/wp\/v2\/types\/product"}],"replies":[{"embeddable":true,"href":"https:\/\/visit.fincasolmark.com\/sv\/wp-json\/wp\/v2\/comments?post=258438"}],"wp:featuredmedia":[{"embeddable":true,"href":"https:\/\/visit.fincasolmark.com\/sv\/wp-json\/wp\/v2\/media\/258418"}],"wp:attachment":[{"href":"https:\/\/visit.fincasolmark.com\/sv\/wp-json\/wp\/v2\/media?parent=258438"}],"wp:term":[{"taxonomy":"product_brand","embeddable":true,"href":"https:\/\/visit.fincasolmark.com\/sv\/wp-json\/wp\/v2\/product_brand?post=258438"},{"taxonomy":"product_cat","embeddable":true,"href":"https:\/\/visit.fincasolmark.com\/sv\/wp-json\/wp\/v2\/product_cat?post=258438"},{"taxonomy":"product_tag","embeddable":true,"href":"https:\/\/visit.fincasolmark.com\/sv\/wp-json\/wp\/v2\/product_tag?post=258438"}],"curies":[{"name":"wp","href":"https:\/\/api.w.org\/{rel}","templated":true}]}}